{"id":2586,"date":"2022-09-08T08:25:12","date_gmt":"2022-09-08T08:25:12","guid":{"rendered":"http:\/\/clapat-themes.com\/wordpress\/humpton\/?page_id=2586"},"modified":"2023-08-07T20:21:55","modified_gmt":"2023-08-07T23:21:55","slug":"landing-page","status":"publish","type":"page","link":"https:\/\/id27.com.br\/","title":{"rendered":"Landing Page"},"content":{"rendered":"\t\t<div data-elementor-type=\"wp-page\" data-elementor-id=\"2586\" class=\"elementor elementor-2586\" data-elementor-post-type=\"page\">\n\t\t\t\t\t\t\t\t\t<section class=\"elementor-section elementor-top-section elementor-element elementor-element-482abc1 change-header-color row_padding_top light-section elementor-default-width content-max-width elementor-section-height-default elementor-section-height-default\" data-id=\"482abc1\" data-element_type=\"section\" data-settings=\"{&quot;background_background&quot;:&quot;classic&quot;}\">\n\t\t\t\t\t\t<div class=\"elementor-container elementor-column-gap-default\">\n\t\t\t\t\t<div class=\"elementor-column elementor-col-100 elementor-top-column elementor-element elementor-element-9f8e960\" data-id=\"9f8e960\" data-element_type=\"column\">\n\t\t\t<div class=\"elementor-widget-wrap elementor-element-populated\">\n\t\t\t\t\t\t\t\t<section class=\"elementor-section elementor-inner-section elementor-element elementor-element-a6c17b3 light-section inherit-header-color elementor-default-width content-max-width elementor-section-height-default elementor-section-height-default\" data-id=\"a6c17b3\" data-element_type=\"section\">\n\t\t\t\t\t\t<div class=\"elementor-container elementor-column-gap-default\">\n\t\t\t\t\t<div class=\"elementor-column elementor-col-50 elementor-inner-column elementor-element elementor-element-4331e08\" data-id=\"4331e08\" data-element_type=\"column\">\n\t\t\t<div class=\"elementor-widget-wrap elementor-element-populated\">\n\t\t\t\t\t\t\t\t<div class=\"elementor-element elementor-element-c71475c text-align-left elementor-widget elementor-widget-humpton_heading\" data-id=\"c71475c\" data-element_type=\"widget\" data-widget_type=\"humpton_heading.default\">\n\t\t\t\t<div class=\"elementor-widget-container\">\n\t\t\t<h4 class=\"has-mask-fill\">Atua\u00e7\u00e3o<\/h4>\t\t<\/div>\n\t\t\t\t<\/div>\n\t\t\t\t<div class=\"elementor-element elementor-element-41aecb9 elementor-widget elementor-widget-text-editor\" data-id=\"41aecb9\" data-element_type=\"widget\" data-widget_type=\"text-editor.default\">\n\t\t\t\t<div class=\"elementor-widget-container\">\n\t\t\t<style>\/*! elementor - v3.16.0 - 20-09-2023 *\/\n.elementor-widget-text-editor.elementor-drop-cap-view-stacked .elementor-drop-cap{background-color:#69727d;color:#fff}.elementor-widget-text-editor.elementor-drop-cap-view-framed .elementor-drop-cap{color:#69727d;border:3px solid;background-color:transparent}.elementor-widget-text-editor:not(.elementor-drop-cap-view-default) .elementor-drop-cap{margin-top:8px}.elementor-widget-text-editor:not(.elementor-drop-cap-view-default) .elementor-drop-cap-letter{width:1em;height:1em}.elementor-widget-text-editor .elementor-drop-cap{float:left;text-align:center;line-height:1;font-size:50px}.elementor-widget-text-editor .elementor-drop-cap-letter{display:inline-block}<\/style>\t\t\t\t<p>Na ID27, acreditamos no poder da identidade digital para impulsionar o crescimento de marcas e pessoas. Por meio de conte\u00fados excepcionais e estrat\u00e9gias de marketing com prop\u00f3sito, transformamos ideias em realidade, conectando voc\u00ea ao sucesso no mundo digital.<\/p>\t\t\t\t\t\t<\/div>\n\t\t\t\t<\/div>\n\t\t\t\t\t<\/div>\n\t\t<\/div>\n\t\t\t\t<div class=\"elementor-column elementor-col-50 elementor-inner-column elementor-element elementor-element-cc36f7c\" data-id=\"cc36f7c\" data-element_type=\"column\">\n\t\t\t<div class=\"elementor-widget-wrap\">\n\t\t\t\t\t\t\t\t\t<\/div>\n\t\t<\/div>\n\t\t\t\t\t\t\t<\/div>\n\t\t<\/section>\n\t\t\t\t\t<\/div>\n\t\t<\/div>\n\t\t\t\t\t\t\t<\/div>\n\t\t<\/section>\n\t\t\t\t<section class=\"elementor-section elementor-top-section elementor-element elementor-element-0cfebff change-header-color light-section elementor-default-width content-max-width elementor-section-height-default elementor-section-height-default\" data-id=\"0cfebff\" data-element_type=\"section\" data-settings=\"{&quot;background_background&quot;:&quot;classic&quot;}\">\n\t\t\t\t\t\t<div class=\"elementor-container elementor-column-gap-default\">\n\t\t\t\t\t<div class=\"elementor-column elementor-col-100 elementor-top-column elementor-element elementor-element-b591596\" data-id=\"b591596\" data-element_type=\"column\">\n\t\t\t<div class=\"elementor-widget-wrap elementor-element-populated\">\n\t\t\t\t\t\t\t\t<div class=\"elementor-element elementor-element-501ecf4 elementor-widget elementor-widget-humpton_marquee_text\" data-id=\"501ecf4\" data-element_type=\"widget\" data-widget_type=\"humpton_marquee_text.default\">\n\t\t\t\t<div class=\"elementor-widget-container\">\n\t\t\t<div class=\"marquee-text-wrapper\"><h1 class=\"marquee-text big-title fw\">Explore sua identidade, alcance novos horizontes!<\/h1><\/div>\t\t<\/div>\n\t\t\t\t<\/div>\n\t\t\t\t\t<\/div>\n\t\t<\/div>\n\t\t\t\t\t\t\t<\/div>\n\t\t<\/section>\n\t\t\t\t<section class=\"elementor-section elementor-top-section elementor-element elementor-element-731ba74 row_padding_top row_padding_bottom elementor-full-width content-max-width change-header-color light-section elementor-section-height-default elementor-section-height-default\" data-id=\"731ba74\" data-element_type=\"section\" data-settings=\"{&quot;background_background&quot;:&quot;classic&quot;}\">\n\t\t\t\t\t\t<div class=\"elementor-container elementor-column-gap-default\">\n\t\t\t\t\t<div class=\"elementor-column elementor-col-100 elementor-top-column elementor-element elementor-element-4f0fb37\" data-id=\"4f0fb37\" data-element_type=\"column\">\n\t\t\t<div class=\"elementor-widget-wrap elementor-element-populated\">\n\t\t\t\t\t\t\t\t<div class=\"elementor-element elementor-element-5254f72 elementor-widget elementor-widget-humpton_portfolio_grid\" data-id=\"5254f72\" data-element_type=\"widget\" data-widget_type=\"humpton_portfolio_grid.default\">\n\t\t\t\t<div class=\"elementor-widget-container\">\n\t\t\t<!-- Portfolio Wrap --><div id=\"itemsWrapperLinks\" class=\"portfolio-wrap parallax-two-grid overlay-caption content-max-width fade-scaleout-effect\"><!-- Portfolio Columns --><div id=\"itemsWrapper\" class=\"portfolio portfolio-shortcode webgl-fitthumbs fx-one\"><div class=\"item trigger-item \" data-number=\"01\" data-color=\"#000000\" data-firstline=\"Ver\" data-secondline=\"Conte\u00fados\"><div class=\"item-parallax\"><div class=\"item-appear\"><div class=\"item-content\"><a class=\"item-wrap ajax-link-project\" data-type=\"page-transition\" href=\"https:\/\/id27.com.br\/index.php\/humpton_portfolio\/como-controlar-emocoes\/\"><\/a><div class=\"item-wrap-image\"><img decoding=\"async\" src=\"http:\/\/id27.com.br\/wp-content\/uploads\/2023\/07\/AdobeStock_558868309-scaled.jpeg\" class=\"item-image grid__item-img trigger-item-link\" alt=\"\"><\/div><img decoding=\"async\" class=\"grid__item-img grid__item-img--large\" src=\"http:\/\/id27.com.br\/wp-content\/uploads\/2023\/07\/AdobeStock_558868309-scaled.jpeg\" alt=\"\" \/><\/div><\/div><div class=\"item-caption-wrapper\"><div class=\"item-caption\"><div class=\"item-arrow\"><i class=\"arrow-icon\"><\/i><\/div><div class=\"item-cat\"><span>2023<\/span><span>Consci\u00eancia Comportamental<\/span><\/div><div class=\"item-title\"><span>Como<\/span><span>Controlar<\/span><span>Emo\u00e7\u00f5es<\/span><\/div><\/div><\/div><\/div><\/div><div class=\"item trigger-item vertical-parallax\" data-number=\"02\" data-color=\"#963a8d\" data-firstline=\"Ver\" data-secondline=\"Conte\u00fados\"><div class=\"item-parallax\"><div class=\"item-appear\"><div class=\"item-content\"><a class=\"item-wrap ajax-link-project\" data-type=\"page-transition\" href=\"https:\/\/id27.com.br\/index.php\/humpton_portfolio\/design-experience\/\"><\/a><div class=\"item-wrap-image\"><img decoding=\"async\" src=\"http:\/\/id27.com.br\/wp-content\/uploads\/2022\/09\/AdobeStock_552365203-scaled.jpeg\" class=\"item-image grid__item-img trigger-item-link\" alt=\"\"><\/div><img decoding=\"async\" class=\"grid__item-img grid__item-img--large\" src=\"http:\/\/id27.com.br\/wp-content\/uploads\/2022\/09\/AdobeStock_552365203-scaled.jpeg\" alt=\"\" \/><\/div><\/div><div class=\"item-caption-wrapper\"><div class=\"item-caption\"><div class=\"item-arrow\"><i class=\"arrow-icon\"><\/i><\/div><div class=\"item-cat\"><span>2023<\/span><span>Consci\u00eancia Comportamental<\/span><\/div><div class=\"item-title\"><span>Medita\u00e7\u00e3o<\/span><span>Mindfullness<\/span><\/div><\/div><\/div><\/div><\/div><div class=\"item trigger-item vertical-parallax\" data-number=\"03\" data-color=\"#a77e69\" data-firstline=\"Ver\" data-secondline=\"Conte\u00fados\"><div class=\"item-parallax\"><div class=\"item-appear\"><div class=\"item-content\"><a class=\"item-wrap ajax-link-project\" data-type=\"page-transition\" href=\"https:\/\/id27.com.br\/index.php\/humpton_portfolio\/eames-chair-design\/\"><\/a><div class=\"item-wrap-image\"><img decoding=\"async\" src=\"http:\/\/id27.com.br\/wp-content\/uploads\/2023\/08\/AdobeStock_353995765-scaled.jpeg\" class=\"item-image grid__item-img trigger-item-link\" alt=\"\"><\/div><img decoding=\"async\" class=\"grid__item-img grid__item-img--large\" src=\"http:\/\/id27.com.br\/wp-content\/uploads\/2023\/08\/AdobeStock_353995765-scaled.jpeg\" alt=\"\" \/><\/div><\/div><div class=\"item-caption-wrapper\"><div class=\"item-caption\"><div class=\"item-arrow\"><i class=\"arrow-icon\"><\/i><\/div><div class=\"item-cat\"><span>2023<\/span><span>Consci\u00eancia Comportamental<\/span><\/div><div class=\"item-title\"><span>Neuroci\u00eancia Transformadora: <\/span><span>Desenvolvimento Humano<\/span><\/div><\/div><\/div><\/div><\/div><div class=\"item trigger-item \" data-number=\"04\" data-color=\"#3d5662\" data-firstline=\"Ver\" data-secondline=\"Conte\u00fados\"><div class=\"item-parallax\"><div class=\"item-appear\"><div class=\"item-content\"><a class=\"item-wrap ajax-link-project\" data-type=\"page-transition\" href=\"https:\/\/id27.com.br\/index.php\/humpton_portfolio\/habitos\/\"><\/a><div class=\"item-wrap-image\"><img decoding=\"async\" src=\"http:\/\/id27.com.br\/wp-content\/uploads\/2022\/09\/AdobeStock_553096490-1-scaled-e1691451023649.jpeg\" class=\"item-image grid__item-img trigger-item-link\" alt=\"\"><\/div><img decoding=\"async\" class=\"grid__item-img grid__item-img--large\" src=\"http:\/\/id27.com.br\/wp-content\/uploads\/2022\/09\/AdobeStock_553096490-1-scaled-e1691451023649.jpeg\" alt=\"\" \/><\/div><\/div><div class=\"item-caption-wrapper\"><div class=\"item-caption\"><div class=\"item-arrow\"><i class=\"arrow-icon\"><\/i><\/div><div class=\"item-cat\"><span>2023<\/span><span>Consci\u00eancia Comportamental<\/span><\/div><div class=\"item-title\"><span>Vencer <\/span><span>com H\u00e1bitos<\/span><\/div><\/div><\/div><\/div><\/div><\/div><!--\/Portfolio Columns--><\/div><!--\/Portfolio Wrap-->\t\t<\/div>\n\t\t\t\t<\/div>\n\t\t\t\t\t<\/div>\n\t\t<\/div>\n\t\t\t\t\t\t\t<\/div>\n\t\t<\/section>\n\t\t\t\t<section class=\"elementor-section elementor-top-section elementor-element elementor-element-168a6f3 dark-section elementor-full-width content-max-width text-align-center inherit-header-color elementor-section-height-default elementor-section-height-default\" data-id=\"168a6f3\" data-element_type=\"section\" data-settings=\"{&quot;background_background&quot;:&quot;classic&quot;}\">\n\t\t\t\t\t\t<div class=\"elementor-container elementor-column-gap-default\">\n\t\t\t\t\t<div class=\"elementor-column elementor-col-100 elementor-top-column elementor-element elementor-element-148673c\" data-id=\"148673c\" data-element_type=\"column\">\n\t\t\t<div class=\"elementor-widget-wrap elementor-element-populated\">\n\t\t\t\t\t\t\t\t<div class=\"elementor-element elementor-element-e0b4fb4 elementor-widget elementor-widget-humpton_slowed_text_pin\" data-id=\"e0b4fb4\" data-element_type=\"widget\" data-widget_type=\"humpton_slowed_text_pin.default\">\n\t\t\t\t<div class=\"elementor-widget-container\">\n\t\t\t<div class=\"slowed-pin\"><div class=\"slowed-text\"><h5>Somos Identidade 27<\/h5><h1 class=\"big-title\">Conte\u00fado e marketing digital para o sucesso online. Conecte-se, cres\u00e7a e destaque-se conosco. Transformamos ideias em realidade impactante.<\/h1><hr><h5>Iluminando identidades, inspirando crescimento digital.<\/h5><\/div><div class=\"slowed-images\"><div class=\"slowed-image\"><img decoding=\"async\" src=\"http:\/\/id27.com.br\/wp-content\/uploads\/2022\/09\/studio04.jpg\" alt=\"\" \/><\/div><div class=\"slowed-image\"><img decoding=\"async\" src=\"http:\/\/id27.com.br\/wp-content\/uploads\/2022\/09\/studio03.jpg\" alt=\"\" \/><\/div><div class=\"slowed-image\"><img decoding=\"async\" src=\"http:\/\/id27.com.br\/wp-content\/uploads\/2022\/09\/studio02.jpg\" alt=\"\" \/><\/div><div class=\"slowed-image\"><img decoding=\"async\" src=\"http:\/\/id27.com.br\/wp-content\/uploads\/2022\/09\/studio01.jpg\" alt=\"\" \/><\/div><div class=\"slowed-image\"><img decoding=\"async\" src=\"http:\/\/id27.com.br\/wp-content\/uploads\/2022\/09\/studio01-1.jpg\" alt=\"\" \/><\/div><div class=\"slowed-image\"><img decoding=\"async\" src=\"http:\/\/id27.com.br\/wp-content\/uploads\/2022\/09\/studio02-1.jpg\" alt=\"\" \/><\/div><div class=\"slowed-image\"><img decoding=\"async\" src=\"http:\/\/id27.com.br\/wp-content\/uploads\/2022\/09\/studio03-1.jpg\" alt=\"\" \/><\/div><div class=\"slowed-image\"><img decoding=\"async\" src=\"http:\/\/id27.com.br\/wp-content\/uploads\/2022\/09\/studio04-1.jpg\" alt=\"\" \/><\/div><\/div><\/div>\t\t<\/div>\n\t\t\t\t<\/div>\n\t\t\t\t\t<\/div>\n\t\t<\/div>\n\t\t\t\t\t\t\t<\/div>\n\t\t<\/section>\n\t\t\t\t<section class=\"elementor-section elementor-top-section elementor-element elementor-element-6f0b2c6 change-header-color row_padding_top light-section elementor-default-width content-max-width elementor-section-height-default elementor-section-height-default\" data-id=\"6f0b2c6\" data-element_type=\"section\" data-settings=\"{&quot;background_background&quot;:&quot;classic&quot;}\">\n\t\t\t\t\t\t<div class=\"elementor-container elementor-column-gap-default\">\n\t\t\t\t\t<div class=\"elementor-column elementor-col-100 elementor-top-column elementor-element elementor-element-290b00a\" data-id=\"290b00a\" data-element_type=\"column\">\n\t\t\t<div class=\"elementor-widget-wrap elementor-element-populated\">\n\t\t\t\t\t\t\t\t<section class=\"elementor-section elementor-inner-section elementor-element elementor-element-d6443b2 light-section inherit-header-color elementor-default-width content-max-width elementor-section-height-default elementor-section-height-default\" data-id=\"d6443b2\" data-element_type=\"section\">\n\t\t\t\t\t\t<div class=\"elementor-container elementor-column-gap-default\">\n\t\t\t\t\t<div class=\"elementor-column elementor-col-50 elementor-inner-column elementor-element elementor-element-1216a3d\" data-id=\"1216a3d\" data-element_type=\"column\">\n\t\t\t<div class=\"elementor-widget-wrap elementor-element-populated\">\n\t\t\t\t\t\t\t\t<div class=\"elementor-element elementor-element-13b0278 text-align-left elementor-widget elementor-widget-humpton_heading\" data-id=\"13b0278\" data-element_type=\"widget\" data-widget_type=\"humpton_heading.default\">\n\t\t\t\t<div class=\"elementor-widget-container\">\n\t\t\t<h1 class=\"has-mask-fill no-margins\">Nossos<\/h1>\t\t<\/div>\n\t\t\t\t<\/div>\n\t\t\t\t<div class=\"elementor-element elementor-element-8479d46 text-align-left elementor-widget elementor-widget-humpton_heading\" data-id=\"8479d46\" data-element_type=\"widget\" data-widget_type=\"humpton_heading.default\">\n\t\t\t\t<div class=\"elementor-widget-container\">\n\t\t\t<h1 class=\"has-mask-fill\">Materiais<\/h1>\t\t<\/div>\n\t\t\t\t<\/div>\n\t\t\t\t<div class=\"elementor-element elementor-element-71abe10 elementor-widget elementor-widget-spacer\" data-id=\"71abe10\" data-element_type=\"widget\" data-widget_type=\"spacer.default\">\n\t\t\t\t<div class=\"elementor-widget-container\">\n\t\t\t<style>\/*! elementor - v3.16.0 - 20-09-2023 *\/\n.elementor-column .elementor-spacer-inner{height:var(--spacer-size)}.e-con{--container-widget-width:100%}.e-con-inner>.elementor-widget-spacer,.e-con>.elementor-widget-spacer{width:var(--container-widget-width,var(--spacer-size));--align-self:var(--container-widget-align-self,initial);--flex-shrink:0}.e-con-inner>.elementor-widget-spacer>.elementor-widget-container,.e-con>.elementor-widget-spacer>.elementor-widget-container{height:100%;width:100%}.e-con-inner>.elementor-widget-spacer>.elementor-widget-container>.elementor-spacer,.e-con>.elementor-widget-spacer>.elementor-widget-container>.elementor-spacer{height:100%}.e-con-inner>.elementor-widget-spacer>.elementor-widget-container>.elementor-spacer>.elementor-spacer-inner,.e-con>.elementor-widget-spacer>.elementor-widget-container>.elementor-spacer>.elementor-spacer-inner{height:var(--container-widget-height,var(--spacer-size))}.e-con-inner>.elementor-widget-spacer.elementor-widget-empty,.e-con>.elementor-widget-spacer.elementor-widget-empty{position:relative;min-height:22px;min-width:22px}.e-con-inner>.elementor-widget-spacer.elementor-widget-empty .elementor-widget-empty-icon,.e-con>.elementor-widget-spacer.elementor-widget-empty .elementor-widget-empty-icon{position:absolute;top:0;bottom:0;left:0;right:0;margin:auto;padding:0;width:22px;height:22px}<\/style>\t\t<div class=\"elementor-spacer\">\n\t\t\t<div class=\"elementor-spacer-inner\"><\/div>\n\t\t<\/div>\n\t\t\t\t<\/div>\n\t\t\t\t<\/div>\n\t\t\t\t<div class=\"elementor-element elementor-element-b29b71a elementor-widget elementor-widget-text-editor\" data-id=\"b29b71a\" data-element_type=\"widget\" data-widget_type=\"text-editor.default\">\n\t\t\t\t<div class=\"elementor-widget-container\">\n\t\t\t\t\t\t\t<p>Conhe\u00e7a os nossos materiais exclusivos! Produzimos conte\u00fados digitais de alta qualidade, como eBooks, v\u00eddeos, cursos e apostilas. Cada material \u00e9 cuidadosamente criado para impulsionar o seu desenvolvimento pessoal e o sucesso do seu neg\u00f3cio. Descubra o poder dos nossos materiais e alcance resultados excepcionais no mundo digital.<\/p>\t\t\t\t\t\t<\/div>\n\t\t\t\t<\/div>\n\t\t\t\t\t<\/div>\n\t\t<\/div>\n\t\t\t\t<div class=\"elementor-column elementor-col-50 elementor-inner-column elementor-element elementor-element-a09332d\" data-id=\"a09332d\" data-element_type=\"column\">\n\t\t\t<div class=\"elementor-widget-wrap\">\n\t\t\t\t\t\t\t\t\t<\/div>\n\t\t<\/div>\n\t\t\t\t\t\t\t<\/div>\n\t\t<\/section>\n\t\t\t\t\t<\/div>\n\t\t<\/div>\n\t\t\t\t\t\t\t<\/div>\n\t\t<\/section>\n\t\t\t\t<section class=\"elementor-section elementor-top-section elementor-element elementor-element-1f01b83 change-header-color elementor-full-width content-max-width light-section elementor-section-height-default elementor-section-height-default\" data-id=\"1f01b83\" data-element_type=\"section\" data-settings=\"{&quot;background_background&quot;:&quot;classic&quot;}\">\n\t\t\t\t\t\t<div class=\"elementor-container elementor-column-gap-default\">\n\t\t\t\t\t<div class=\"elementor-column elementor-col-100 elementor-top-column elementor-element elementor-element-9e35770\" data-id=\"9e35770\" data-element_type=\"column\">\n\t\t\t<div class=\"elementor-widget-wrap elementor-element-populated\">\n\t\t\t\t\t\t\t\t<div class=\"elementor-element elementor-element-4202552 elementor-widget elementor-widget-humpton_news\" data-id=\"4202552\" data-element_type=\"widget\" data-widget_type=\"humpton_news.default\">\n\t\t\t\t<div class=\"elementor-widget-container\">\n\t\t\t<div class=\"panels news-panel\"><div class=\"panels-container\"><div class=\"panel\" data-color=\"#000\" data-firstline=\"\" data-secondline=\"\"><div class=\"panel-content-wrapper\"><div class=\"panel-image\"><a class=\"ajax-link\" href=\"https:\/\/id27.com.br\/index.php\/2023\/07\/24\/ola-mundo\/\" data-type=\"page-transition\" ><img decoding=\"async\" src=\"https:\/\/id27.com.br\/wp-content\/uploads\/2023\/07\/AdobeStock_84267507-1-scaled.jpeg\" alt=\"Post Image\"><\/a><\/div><div class=\"panel-content\"><div class=\"entry-meta entry-categories\"><ul class=\"post-categories\"><li class=\"link\"><a class=\"ajax-link\" data-type=\"page-transition\" href=\"https:\/\/id27.com.br\/index.php\/category\/blog\/\" rel=\"category tag\"><span data-hover=\"Blog\">Blog<\/span><\/a><\/li><\/ul><\/div><div class=\"news-panel-title\"><span>Inspirando Vit\u00f3rias: Os Ensinamentos de Bernardinho!<\/span><\/div><\/div><\/div><\/div><\/div><\/div>\t\t<\/div>\n\t\t\t\t<\/div>\n\t\t\t\t\t<\/div>\n\t\t<\/div>\n\t\t\t\t\t\t\t<\/div>\n\t\t<\/section>\n\t\t\t\t\t\t\t<\/div>\n\t\t","protected":false},"excerpt":{"rendered":"<p>Atua\u00e7\u00e3o Na ID27, acreditamos no poder da identidade digital para impulsionar o crescimento de marcas e pessoas. Por meio de conte\u00fados excepcionais e estrat\u00e9gias de marketing com prop\u00f3sito, transformamos ideias em realidade, conectando voc\u00ea ao sucesso no mundo digital. Explore sua identidade, alcance novos horizontes! 2023Consci\u00eancia ComportamentalComoControlarEmo\u00e7\u00f5es2023Consci\u00eancia ComportamentalMedita\u00e7\u00e3oMindfullness2023Consci\u00eancia ComportamentalNeuroci\u00eancia Transformadora: Desenvolvimento Humano2023Consci\u00eancia ComportamentalVencer com H\u00e1bitos [&hellip;]<\/p>\n","protected":false},"author":1,"featured_media":0,"parent":0,"menu_order":0,"comment_status":"closed","ping_status":"closed","template":"","meta":[],"_links":{"self":[{"href":"https:\/\/id27.com.br\/index.php\/wp-json\/wp\/v2\/pages\/2586"}],"collection":[{"href":"https:\/\/id27.com.br\/index.php\/wp-json\/wp\/v2\/pages"}],"about":[{"href":"https:\/\/id27.com.br\/index.php\/wp-json\/wp\/v2\/types\/page"}],"author":[{"embeddable":true,"href":"https:\/\/id27.com.br\/index.php\/wp-json\/wp\/v2\/users\/1"}],"replies":[{"embeddable":true,"href":"https:\/\/id27.com.br\/index.php\/wp-json\/wp\/v2\/comments?post=2586"}],"version-history":[{"count":36,"href":"https:\/\/id27.com.br\/index.php\/wp-json\/wp\/v2\/pages\/2586\/revisions"}],"predecessor-version":[{"id":3167,"href":"https:\/\/id27.com.br\/index.php\/wp-json\/wp\/v2\/pages\/2586\/revisions\/3167"}],"wp:attachment":[{"href":"https:\/\/id27.com.br\/index.php\/wp-json\/wp\/v2\/media?parent=2586"}],"curies":[{"name":"wp","href":"https:\/\/api.w.org\/{rel}","templated":true}]}}